{"id":18199,"date":"2020-11-13T10:53:12","date_gmt":"2020-11-13T10:53:12","guid":{"rendered":"http:\/\/ksr-swiss.ch\/kontakt\/"},"modified":"2026-01-05T07:26:40","modified_gmt":"2026-01-05T07:26:40","slug":"kontakt","status":"publish","type":"page","link":"https:\/\/ksr-swiss.ch\/fr\/kontakt\/","title":{"rendered":"Contact"},"content":{"rendered":"<h3>SITE HAPPERSWIL<\/h3>\n<p><strong>KSR Swiss GmbH<\/strong><br \/>\nBucherstrasse 6<br \/>\n8585 Happerswil\/TG<br \/>\nT\u00e9l\u00e9phone: +41 71 648 28 06<br \/>\nCourriel: <a href=\"mailto:info@ksr-swiss.ch\" target=\"_top\" rel=\"noopener noreferrer\">info(at)ksr-swiss.ch<\/a><\/p>\n<h3>HEURES D&rsquo;OUVERTURE<\/h3>\n<h4>\u00c9t\u00e9 (avril &#8211; septembre)<\/h4>\n<p><strong>Lundi &#8211; Vendredi<\/strong><br \/>\n07:30 &#8211; 12:00 h et 13:00 &#8211; 17:00 h<br \/>\n<strong>Samedi<\/strong><br \/>\n08:00 \u2013 12:00 h<\/p>\n<h4><strong>Hiver (octobre &#8211; mars)<\/strong><\/h4>\n<p><strong>Lundi &#8211; Vendredi<\/strong><br \/>\n07:30 &#8211; 12:00 h et 13:00 &#8211; 17:00 h<br \/>\n<strong>Samedi<\/strong><br \/>\nferm\u00e9 (rendez-vous possible sur demande)<\/p>\n","protected":false},"excerpt":{"rendered":"<p>SITE HAPPERSWIL KSR Swiss GmbH Bucherstrasse 6 8585 Happerswil\/TG T\u00e9l\u00e9phone: +41 71 648 28 06 Courriel: info(at)ksr-swiss.ch HEURES D&rsquo;OUVERTURE \u00c9t\u00e9 (avril &#8211; septembre) Lundi &#8211; Vendredi 07:30 &#8211; 12:00 h et 13:00 &#8211; 17:00 h Samedi 08:00 \u2013 12:00 h Hiver (octobre &#8211; mars) Lundi &#8211; Vendredi 07:30 &#8211; 12:00 h et 13:00 &#8211; 17:00 [&hellip;]<\/p>\n","protected":false},"author":2,"featured_media":0,"parent":0,"menu_order":0,"comment_status":"closed","ping_status":"closed","template":"template-legal.php","meta":{"_acf_changed":false,"footnotes":""},"class_list":["post-18199","page","type-page","status-publish","hentry"],"acf":[],"_links":{"self":[{"href":"https:\/\/ksr-swiss.ch\/fr\/wp-json\/wp\/v2\/pages\/18199","targetHints":{"allow":["GET"]}}],"collection":[{"href":"https:\/\/ksr-swiss.ch\/fr\/wp-json\/wp\/v2\/pages"}],"about":[{"href":"https:\/\/ksr-swiss.ch\/fr\/wp-json\/wp\/v2\/types\/page"}],"author":[{"embeddable":true,"href":"https:\/\/ksr-swiss.ch\/fr\/wp-json\/wp\/v2\/users\/2"}],"replies":[{"embeddable":true,"href":"https:\/\/ksr-swiss.ch\/fr\/wp-json\/wp\/v2\/comments?post=18199"}],"version-history":[{"count":28,"href":"https:\/\/ksr-swiss.ch\/fr\/wp-json\/wp\/v2\/pages\/18199\/revisions"}],"predecessor-version":[{"id":27369,"href":"https:\/\/ksr-swiss.ch\/fr\/wp-json\/wp\/v2\/pages\/18199\/revisions\/27369"}],"wp:attachment":[{"href":"https:\/\/ksr-swiss.ch\/fr\/wp-json\/wp\/v2\/media?parent=18199"}],"curies":[{"name":"wp","href":"https:\/\/api.w.org\/{rel}","templated":true}]}}